{"id":720,"date":"2018-02-26T21:03:31","date_gmt":"2018-02-26T21:03:31","guid":{"rendered":"http:\/\/opalvalleylamb.okdpreview.com\/the-recipes\/"},"modified":"2024-03-19T15:51:27","modified_gmt":"2024-03-19T19:51:27","slug":"the-recipes","status":"publish","type":"page","link":"https:\/\/nzspringlambchatbot.okdpreview.com\/fr\/the-recipes\/","title":{"rendered":"LES RECETTES"},"content":{"rendered":"<p>Que vous recherchiez le bon go\u00fbt du barbecue ou que vous d\u00e9siriez servir un r\u00f4ti inou\u00ef, <strong>Agneau du printemps de Nouvelle-Z\u00e9lande<\/strong> propose une collection unique de d\u00e9licieuses recettes \u00e0 base d\u2019agneau que vos papilles d\u00e9sireront d\u00e9guster de nouveau.<\/p>\n<h4><a href=\"\/fr\/the-recipes\/\">EXPLOREZ &gt;&gt;<\/a><\/h4>\n","protected":false},"excerpt":{"rendered":"<p>Que vous recherchiez le bon go\u00fbt du barbecue ou que vous d\u00e9siriez servir un r\u00f4ti inou\u00ef, Agneau du printemps de Nouvelle-Z\u00e9lande propose une collection unique de d\u00e9licieuses recettes \u00e0 base d\u2019agneau que vos papilles d\u00e9sireront d\u00e9guster de nouveau. EXPLOREZ &gt;&gt;<\/p>\n","protected":false},"author":1,"featured_media":4257,"parent":0,"menu_order":0,"comment_status":"closed","ping_status":"closed","template":"page-recipes.php","meta":{"_acf_changed":false,"footnotes":""},"class_list":["post-720","page","type-page","status-publish","has-post-thumbnail","hentry"],"acf":[],"yoast_head":"<!-- This site is optimized with the Yoast SEO plugin v25.2 - https:\/\/yoast.com\/wordpress\/plugins\/seo\/ -->\n<title>LES RECETTES - New Zealand Spring Lamb<\/title>\n<meta name=\"robots\" content=\"index, follow, max-snippet:-1, max-image-preview:large, max-video-preview:-1\" \/>\n<link rel=\"canonical\" href=\"https:\/\/nzspringlambchatbot.okdpreview.com\/the-recipes\/\" \/>\n<meta property=\"og:locale\" content=\"fr_FR\" \/>\n<meta property=\"og:type\" content=\"article\" \/>\n<meta property=\"og:title\" content=\"LES RECETTES - New Zealand Spring Lamb\" \/>\n<meta property=\"og:description\" content=\"Que vous recherchiez le bon go\u00fbt du barbecue ou que vous d\u00e9siriez servir un r\u00f4ti inou\u00ef, Agneau du printemps de Nouvelle-Z\u00e9lande propose une collection unique de d\u00e9licieuses recettes \u00e0 base d\u2019agneau que vos papilles d\u00e9sireront d\u00e9guster de nouveau. EXPLOREZ &gt;&gt;\" \/>\n<meta property=\"og:url\" content=\"https:\/\/nzspringlambchatbot.okdpreview.com\/the-recipes\/\" \/>\n<meta property=\"og:site_name\" content=\"New Zealand Spring Lamb\" \/>\n<meta property=\"article:modified_time\" content=\"2024-03-19T19:51:27+00:00\" \/>\n<meta property=\"og:image\" content=\"https:\/\/nzspringlambchatbot.okdpreview.com\/wp-content\/uploads\/2018\/04\/recipes-600x600.jpg\" \/>\n\t<meta property=\"og:image:width\" content=\"600\" \/>\n\t<meta property=\"og:image:height\" content=\"600\" \/>\n\t<meta property=\"og:image:type\" content=\"image\/jpeg\" \/>\n<meta name=\"twitter:card\" content=\"summary_large_image\" \/>\n<meta name=\"twitter:label1\" content=\"Est. reading time\" \/>\n\t<meta name=\"twitter:data1\" content=\"1 minute\" \/>\n<script type=\"application\/ld+json\" class=\"yoast-schema-graph\">{\"@context\":\"https:\/\/schema.org\",\"@graph\":[{\"@type\":\"WebPage\",\"@id\":\"https:\/\/nzspringlambchatbot.okdpreview.com\/the-recipes\/\",\"url\":\"https:\/\/nzspringlambchatbot.okdpreview.com\/the-recipes\/\",\"name\":\"LES RECETTES - New Zealand Spring Lamb\",\"isPartOf\":{\"@id\":\"https:\/\/nzspringlambchatbot.okdpreview.com\/fr\/#website\"},\"primaryImageOfPage\":{\"@id\":\"https:\/\/nzspringlambchatbot.okdpreview.com\/the-recipes\/#primaryimage\"},\"image\":{\"@id\":\"https:\/\/nzspringlambchatbot.okdpreview.com\/the-recipes\/#primaryimage\"},\"thumbnailUrl\":\"https:\/\/nzspringlambchatbot.okdpreview.com\/wp-content\/uploads\/2018\/04\/recipes-600x600.jpg\",\"datePublished\":\"2018-02-26T21:03:31+00:00\",\"dateModified\":\"2024-03-19T19:51:27+00:00\",\"breadcrumb\":{\"@id\":\"https:\/\/nzspringlambchatbot.okdpreview.com\/the-recipes\/#breadcrumb\"},\"inLanguage\":\"fr-FR\",\"potentialAction\":[{\"@type\":\"ReadAction\",\"target\":[\"https:\/\/nzspringlambchatbot.okdpreview.com\/the-recipes\/\"]}]},{\"@type\":\"ImageObject\",\"inLanguage\":\"fr-FR\",\"@id\":\"https:\/\/nzspringlambchatbot.okdpreview.com\/the-recipes\/#primaryimage\",\"url\":\"https:\/\/nzspringlambchatbot.okdpreview.com\/wp-content\/uploads\/2018\/04\/recipes-600x600.jpg\",\"contentUrl\":\"https:\/\/nzspringlambchatbot.okdpreview.com\/wp-content\/uploads\/2018\/04\/recipes-600x600.jpg\",\"width\":600,\"height\":600},{\"@type\":\"BreadcrumbList\",\"@id\":\"https:\/\/nzspringlambchatbot.okdpreview.com\/the-recipes\/#breadcrumb\",\"itemListElement\":[{\"@type\":\"ListItem\",\"position\":1,\"name\":\"Home\",\"item\":\"https:\/\/nzspringlambchatbot.okdpreview.com\/\"},{\"@type\":\"ListItem\",\"position\":2,\"name\":\"LES RECETTES\"}]},{\"@type\":\"WebSite\",\"@id\":\"https:\/\/nzspringlambchatbot.okdpreview.com\/fr\/#website\",\"url\":\"https:\/\/nzspringlambchatbot.okdpreview.com\/fr\/\",\"name\":\"New Zealand Spring Lamb\",\"description\":\"From Pasture to Plate\",\"potentialAction\":[{\"@type\":\"SearchAction\",\"target\":{\"@type\":\"EntryPoint\",\"urlTemplate\":\"https:\/\/nzspringlambchatbot.okdpreview.com\/fr\/?s={search_term_string}\"},\"query-input\":{\"@type\":\"PropertyValueSpecification\",\"valueRequired\":true,\"valueName\":\"search_term_string\"}}],\"inLanguage\":\"fr-FR\"}]}<\/script>\n<!-- \/ Yoast SEO plugin. -->","yoast_head_json":{"title":"LES RECETTES - New Zealand Spring Lamb","robots":{"index":"index","follow":"follow","max-snippet":"max-snippet:-1","max-image-preview":"max-image-preview:large","max-video-preview":"max-video-preview:-1"},"canonical":"https:\/\/nzspringlambchatbot.okdpreview.com\/the-recipes\/","og_locale":"fr_FR","og_type":"article","og_title":"LES RECETTES - New Zealand Spring Lamb","og_description":"Que vous recherchiez le bon go\u00fbt du barbecue ou que vous d\u00e9siriez servir un r\u00f4ti inou\u00ef, Agneau du printemps de Nouvelle-Z\u00e9lande propose une collection unique de d\u00e9licieuses recettes \u00e0 base d\u2019agneau que vos papilles d\u00e9sireront d\u00e9guster de nouveau. EXPLOREZ &gt;&gt;","og_url":"https:\/\/nzspringlambchatbot.okdpreview.com\/the-recipes\/","og_site_name":"New Zealand Spring Lamb","article_modified_time":"2024-03-19T19:51:27+00:00","og_image":[{"width":600,"height":600,"url":"https:\/\/nzspringlambchatbot.okdpreview.com\/wp-content\/uploads\/2018\/04\/recipes-600x600.jpg","type":"image\/jpeg"}],"twitter_card":"summary_large_image","twitter_misc":{"Est. reading time":"1 minute"},"schema":{"@context":"https:\/\/schema.org","@graph":[{"@type":"WebPage","@id":"https:\/\/nzspringlambchatbot.okdpreview.com\/the-recipes\/","url":"https:\/\/nzspringlambchatbot.okdpreview.com\/the-recipes\/","name":"LES RECETTES - New Zealand Spring Lamb","isPartOf":{"@id":"https:\/\/nzspringlambchatbot.okdpreview.com\/fr\/#website"},"primaryImageOfPage":{"@id":"https:\/\/nzspringlambchatbot.okdpreview.com\/the-recipes\/#primaryimage"},"image":{"@id":"https:\/\/nzspringlambchatbot.okdpreview.com\/the-recipes\/#primaryimage"},"thumbnailUrl":"https:\/\/nzspringlambchatbot.okdpreview.com\/wp-content\/uploads\/2018\/04\/recipes-600x600.jpg","datePublished":"2018-02-26T21:03:31+00:00","dateModified":"2024-03-19T19:51:27+00:00","breadcrumb":{"@id":"https:\/\/nzspringlambchatbot.okdpreview.com\/the-recipes\/#breadcrumb"},"inLanguage":"fr-FR","potentialAction":[{"@type":"ReadAction","target":["https:\/\/nzspringlambchatbot.okdpreview.com\/the-recipes\/"]}]},{"@type":"ImageObject","inLanguage":"fr-FR","@id":"https:\/\/nzspringlambchatbot.okdpreview.com\/the-recipes\/#primaryimage","url":"https:\/\/nzspringlambchatbot.okdpreview.com\/wp-content\/uploads\/2018\/04\/recipes-600x600.jpg","contentUrl":"https:\/\/nzspringlambchatbot.okdpreview.com\/wp-content\/uploads\/2018\/04\/recipes-600x600.jpg","width":600,"height":600},{"@type":"BreadcrumbList","@id":"https:\/\/nzspringlambchatbot.okdpreview.com\/the-recipes\/#breadcrumb","itemListElement":[{"@type":"ListItem","position":1,"name":"Home","item":"https:\/\/nzspringlambchatbot.okdpreview.com\/"},{"@type":"ListItem","position":2,"name":"LES RECETTES"}]},{"@type":"WebSite","@id":"https:\/\/nzspringlambchatbot.okdpreview.com\/fr\/#website","url":"https:\/\/nzspringlambchatbot.okdpreview.com\/fr\/","name":"New Zealand Spring Lamb","description":"From Pasture to Plate","potentialAction":[{"@type":"SearchAction","target":{"@type":"EntryPoint","urlTemplate":"https:\/\/nzspringlambchatbot.okdpreview.com\/fr\/?s={search_term_string}"},"query-input":{"@type":"PropertyValueSpecification","valueRequired":true,"valueName":"search_term_string"}}],"inLanguage":"fr-FR"}]}},"_links":{"self":[{"href":"https:\/\/nzspringlambchatbot.okdpreview.com\/fr\/wp-json\/wp\/v2\/pages\/720","targetHints":{"allow":["GET"]}}],"collection":[{"href":"https:\/\/nzspringlambchatbot.okdpreview.com\/fr\/wp-json\/wp\/v2\/pages"}],"about":[{"href":"https:\/\/nzspringlambchatbot.okdpreview.com\/fr\/wp-json\/wp\/v2\/types\/page"}],"author":[{"embeddable":true,"href":"https:\/\/nzspringlambchatbot.okdpreview.com\/fr\/wp-json\/wp\/v2\/users\/1"}],"replies":[{"embeddable":true,"href":"https:\/\/nzspringlambchatbot.okdpreview.com\/fr\/wp-json\/wp\/v2\/comments?post=720"}],"version-history":[{"count":0,"href":"https:\/\/nzspringlambchatbot.okdpreview.com\/fr\/wp-json\/wp\/v2\/pages\/720\/revisions"}],"wp:featuredmedia":[{"embeddable":true,"href":"https:\/\/nzspringlambchatbot.okdpreview.com\/fr\/wp-json\/wp\/v2\/media\/4257"}],"wp:attachment":[{"href":"https:\/\/nzspringlambchatbot.okdpreview.com\/fr\/wp-json\/wp\/v2\/media?parent=720"}],"curies":[{"name":"wp","href":"https:\/\/api.w.org\/{rel}","templated":true}]}}